{"id":248347,"date":"2023-07-22T11:52:00","date_gmt":"2023-07-22T09:52:00","guid":{"rendered":"https:\/\/ceramicachinchilla.com\/?page_id=248347"},"modified":"2023-07-22T12:20:15","modified_gmt":"2023-07-22T10:20:15","slug":"condiciones-generales-de-contratacion","status":"publish","type":"page","link":"https:\/\/ceramicachinchilla.com\/en\/condiciones-generales-de-contratacion\/","title":{"rendered":"General Contract Conditions"},"content":{"rendered":"<p>[et_pb_section fb_built=\u00bb1&#8243; _builder_version=\u00bb4.16&#8243; global_colors_info=\u00bb{}\u00bb][et_pb_row _builder_version=\u00bb4.16&#8243; background_size=\u00bbinitial\u00bb background_position=\u00bbtop_left\u00bb background_repeat=\u00bbrepeat\u00bb global_colors_info=\u00bb{}\u00bb][et_pb_column type=\u00bb4_4&#8243; _builder_version=\u00bb4.16&#8243; custom_padding=\u00bb|||\u00bb global_colors_info=\u00bb{}\u00bb custom_padding__hover=\u00bb|||\u00bb][et_pb_text _builder_version=\u00bb4.16&#8243; header_font=\u00bb||||||||\u00bb header_2_font=\u00bb||||||||\u00bb header_2_font_size=\u00bb22px\u00bb header_2_line_height=\u00bb2em\u00bb header_3_font=\u00bb||||||||\u00bb header_3_line_height=\u00bb1.9em\u00bb background_color=\u00bb#e02b20&#8243; background_layout=\u00bbdark\u00bb global_colors_info=\u00bb{}\u00bb]<\/p>\n<h2 style=\"padding-left: 30px;\">CONDICIONES GENERALES DE CONTRATACION<\/h2>\n<p>[\/et_pb_text][et_pb_text _builder_version=\u00bb4.21.0&#8243; header_font=\u00bb||||||||\u00bb header_font_size=\u00bb28px\u00bb header_3_font=\u00bb||||||||\u00bb header_3_line_height=\u00bb1.9em\u00bb saved_tabs=\u00bball\u00bb global_colors_info=\u00bb{}\u00bb]<\/p>\n<p><strong>\u00a0https.\/\/ceramicachinchilla.com (en adelante, la Web) es un sitio web propiedad de\u00a0<\/strong><\/p>\n<p>Raz\u00f3n Social de la Empresa: CERAMICA CHINCHILLA, SL<br \/>Nombre del titular: FRANCISCO-JAVIER SANCHEZ SANCHEZ &#8211; 44379869N<br \/>Domicilio social: CALLE POZO DE LA PE\u00d1A, S\/N &#8211; 02520 CHINCHILLA DE MONTE ARAGON &#8211; ALBACETE<br \/>NIF: 47398821F<br \/>Tel\u00e9fono de contacto: 967260008<br \/>Correo electr\u00f3nico: fabrica@ceramicachinchilla.com<\/p>\n<p>El acceso, reproducci\u00f3n y uso de los servicios de la Web requiere la aceptaci\u00f3n previa de las Condiciones de Uso vigentes en cada momento; EL PROPIETARIO se reserva el derecho de modificar dichas Condiciones cuando lo considere oportuno, mediante la publicaci\u00f3n del nuevo texto en la Web.<\/p>\n<p>Es responsabilidad del usuario conocer las Condiciones de Uso antes de acceder a los productos y servicios de la Web.\u00a0 En caso de no estar conforme con las mismas, le rogamos, se abstenga de utilizarla.<\/p>\n<p>&nbsp;<\/p>\n<p><span style=\"color: #333333; font-size: 22px;\">PROPIEDAD<\/span><\/p>\n<p>La Web es una obra compuesta de diversos elementos integrados e inseparables (texto, ilustraciones, fotograf\u00edas, im\u00e1genes animadas, v\u00eddeos, programas de ordenador, incluidos los c\u00f3digos html del sitio web, etc.), cuya Propiedad Intelectual le corresponde a EL PROPIETARIO, salvo en lo referente a aquellos materiales obtenidos bajo licencia de terceros.<\/p>\n<p>EL PROPIETARIO y sus licenciantes retienen en todo momento la Propiedad Intelectual sobre la Web y sobre los distintos elementos que la componen, individualmente considerados, en todas las copias que se realicen (cualquiera que sea el soporte al que se incorporen), concediendo sobre los mismos \u00fanicamente los derechos de uso que m\u00e1s adelante se describen. Cualquier derecho que no sea expresamente cedido se entiende reservado.<\/p>\n<p>Adem\u00e1s de lo anterior, EL PROPIETARIO es responsable de la selecci\u00f3n, dise\u00f1o de la estructura y disposici\u00f3n de los contenidos de la Web, as\u00ed como quien ha tomado la iniciativa y asumido el riesgo de efectuar las inversiones sustanciales orientadas a la obtenci\u00f3n, digitalizaci\u00f3n y presentaci\u00f3n de la misma, correspondi\u00e9ndole, por tanto, la protecci\u00f3n que el art\u00edculo 12 y el T\u00edtulo VIII del Libro II de la Ley de Propiedad Intelectual pueda conceder sobre el sitio web, considerado como una base de datos.<\/p>\n<p>EL PROPIETARIO es tambi\u00e9n el \u00fanico due\u00f1o del dise\u00f1o e imagen gr\u00e1fica de la Web, reserv\u00e1ndose las acciones legales pertinentes que le pudieran corresponder contra las personas que realicen imitaciones o usos desleales del mismo.<\/p>\n<p>&nbsp;<\/p>\n<h3>CONTENIDOS WEB Y DESCARGAS. USOS PERMITIDOS Y PROHIBIDOS.<\/h3>\n<h3>Est\u00e1 permitida:<\/h3>\n<ul>\n<li><span style=\"font-size: 14px;\">La navegaci\u00f3n por la Web, es decir, el acceso y visualizaci\u00f3n de la misma en un dispositivo, quedando\u00a0<\/span><span style=\"font-size: 14px;\">autorizada cualquier reproducci\u00f3n temporal o accesoria, siempre que la misma no sea voluntaria y\u00a0<\/span><span style=\"font-size: 14px;\">forme parte integrante y esencial del proceso tecnol\u00f3gico de transmisi\u00f3n. La navegaci\u00f3n por\u00a0<\/span><span style=\"font-size: 14px;\">determinadas secciones de la Web requieren el previo registro.<\/span><\/li>\n<li>Beneficiarse (previo registro), de los servicios y ventajas prestados por EL PROPIETARIO a trav\u00e9s de la Web a sus usuarios, en las condiciones que se se\u00f1alen expresamente en las distintas secciones.<\/li>\n<\/ul>\n<h3>Queda terminantemente prohibido:<\/h3>\n<ul>\n<li>Cualesquiera operaciones respecto de la Web, sus contenidos, los productos descargados y las copias de todos ellos que sean contrarias a la Ley, las buenas costumbres y la buena fe.<\/li>\n<li>Cualquier utilizaci\u00f3n fuera del \u00e1mbito personal y privado, especialmente aquellas que tengan fines comerciales o profesionales, incluido el env\u00edo de publicidad o mensajes y la recopilaci\u00f3n y tratamiento de datos de terceros.<\/li>\n<li>Cualquier tipo de extracci\u00f3n, comunicaci\u00f3n p\u00fablica y\/o transmisi\u00f3n, total o parcial, por cualquier medio, fuera del \u00e1mbito privado de uso permitido y, especialmente, su incorporaci\u00f3n a cualquier otra obra, incluidas p\u00e1ginas web, colecciones o bases de datos. Se except\u00faa de esta prohibici\u00f3n la publicaci\u00f3n en<br \/>medios de comunicaci\u00f3n de los materiales susceptibles de descarga de la secci\u00f3n Sala de Prensa.<\/li>\n<li>La remoci\u00f3n, ocultaci\u00f3n o falseamiento de los avisos y advertencias sobre la Propiedad Intelectual o Industrial de la Web o de cualquiera de los productos facilitados a trav\u00e9s de la misma.<\/li>\n<li>Las operaciones y actividades expresamente prohibidas en cualesquiera otras secciones de estas Condiciones Generales y, en general, cualquiera que pueda perjudicar el normal funcionamiento de la Web, a otros usuarios o a cualquier tercero.<\/li>\n<\/ul>\n<p>&nbsp;<\/p>\n<h3>LINKS A LA WEB<\/h3>\n<p>Queda autorizado el establecimiento de v\u00ednculos e hiperv\u00ednculos con la Web desde otras p\u00e1ginas o sitios web, siempre\u00a0que los mismos no se hagan de forma que perjudique la imagen p\u00fablica y de marca de EL PROPIETARIO, de la Web o\u00a0de cualquiera de las personas y productos a que se haga referencia en la misma. En el establecimiento de v\u00ednculos con\u00a0la Web queda expresamente prohibida la utilizaci\u00f3n de t\u00e9cnicas que impliquen confusi\u00f3n sobre la identidad y propiedad\u00a0de los contenidos, tales como el framing u otras.<\/p>\n<p>Queda prohibido el establecimiento de v\u00ednculos desde p\u00e1ginas o sitios web cuyos contenidos promocionen o hagan\u00a0apolog\u00eda, directa o indirectamente, de cualquier tipo de violencia, discriminaci\u00f3n, pornograf\u00eda o actividad ilegal.\u00a0Asimismo, queda expresamente prohibido el establecimiento de links con fines mercantiles.<\/p>\n<p>En la creaci\u00f3n de los v\u00ednculos queda expresamente prohibida la utilizaci\u00f3n de elementos extra\u00eddos de la Web, sin el\u00a0consentimiento previo y expreso de EL PROPIETARIO.<\/p>\n<p>En ning\u00fan caso podr\u00e1 entenderse que los v\u00ednculos a la Web desde p\u00e1ginas o sitios web de terceros implican relaciones\u00a0de EL PROPIETARIO con los titulares de \u00e9stos, ni implica respaldo, patrocinio o recomendaci\u00f3n alguna de EL\u00a0PROPIETARIO sobre los mismos, por lo que EL PROPIETARIO no ser\u00e1 responsable en absoluto respecto de su\u00a0contenido y licitud.<\/p>\n<h3>CONTENIDOS Y COMPORTAMIENTO DEL USUARIO.<\/h3>\n<p>Como cliente o usuario de la Web, Ud. se compromete a hacer un uso adecuado de los contenidos y servicios ofrecidos\u00a0a trav\u00e9s de la misma y a no emplearlos para:<\/p>\n<ol>\n<li>Incurrir en actividades il\u00edcitas, ilegales o contrarias a la buena fe y al orden p\u00fablico.<br \/>2. Difundir contenidos o propaganda de car\u00e1cter racista, xen\u00f3fobo, pornogr\u00e1fico, que haga apolog\u00eda del\u00a0terrorismo o que atente contra los derechos humanos.<br \/>3. Provocar da\u00f1os en los sistemas f\u00edsicos y l\u00f3gicos de EL PROPIETARIO, de sus proveedores o de\u00a0terceras personas; Introducir o difundir en la red virus inform\u00e1ticos o cualesquiera otros sistemas\u00a0f\u00edsicos o l\u00f3gicos que sean susceptibles de provocar los da\u00f1os anteriormente mencionados.<br \/>4. Difundir contenidos que atenten contra la imagen y reputaci\u00f3n de EL PROPIETARIO o de terceros.<br \/>5. Atentar contra los derechos de Propiedad Intelectual, Industrial, de imagen, honor u otros que\u00a0correspondan a EL PROPIETARIO o a terceros.<\/li>\n<\/ol>\n<p>EL PROPIETARIO tendr\u00e1 plena libertad de decisi\u00f3n sobre si las colaboraciones y mensajes son finalmente publicadas\u00a0en la Web o no, quedando facultada para retirarlos cuando estime oportuno.<\/p>\n<p>La infracci\u00f3n de cualquiera de las normas contenidas en estas Condiciones de uso y muy especialmente, de lo previsto\u00a0en la presente cl\u00e1usula, facultar\u00e1n a EL PROPIETARIO para darle de baja de forma inmediata como usuario o\u00a0suscriptor de la Web.<\/p>\n<p>Los usuarios que realicen compras o petici\u00f3n de Presupuestos en esta web aceptan plenamente las presentes CGC y quedaran vinculados por estas, tal y como si fueran escritas en el momento de contrataci\u00f3n\/compra.<\/p>\n<p>Ser\u00e1 requisito indispensable la lectura y la aceptaci\u00f3n de las CGC, con car\u00e1cter previo a la compra de cualquier producto.<\/p>\n<p><strong>NOTAS: Esta web no realiza ninguna transacci\u00f3n\/venta comercial directamente al usuario, por lo que estar\u00eda solo prestando servicios presupuestarios o informaci\u00f3n relativa a los productos y\/o servicios que ofrece.<\/strong><\/p>\n<p><span style=\"font-size: 14px;\">CERAMICA CHINCHILLA, SL se reserva el derecho de modificar las CGC en cualquier momento y sin previo aviso. Las CGC estar\u00e1n siempre accesibles a partir del sitio web, para que el usuario pueda consultarlas o imprimirlas en cualquier momento.<\/span><\/p>\n<p>Los precios y condiciones de venta PRESUPUESTADOS tienen un car\u00e1cter meramente informativo y pueden ser modificados en atenci\u00f3n a las fluctuaciones del mercado y al tiempo de entrega del mismo. No obstante, la realizaci\u00f3n del pedido mediante la cumplimentaci\u00f3n del formulario de compra, implica la conformidad con el precio ofertado y con las condiciones generales de venta vigentes en ese concreto momento. Una vez formalizado el pedido, se entender\u00e1 perfeccionada la compra de pleno derecho, con todas las garant\u00edas legales que amparan al consumidor adquirente y, desde ese instante, los precios y condiciones tendr\u00e1n car\u00e1cter contractual y no podr\u00e1n ser modificados sin el expreso acuerdo de ambos contratantes. El castellano-Espa\u00f1ol, ser\u00e1 la lengua utilizada para formalizar el contrato. El documento electr\u00f3nico en que se formalice el contrato se archivar\u00e1 y el usuario tendr\u00e1 acceso a \u00e9l bajo solicitud a nuestra empresa.<\/p>\n<p>&nbsp;<\/p>\n<h3>FORMAS DE PAGO.<\/h3>\n<ul>\n<li>TRANSFERENCIA.<\/li>\n<li>CONTADO.<\/li>\n<li>FINANCIACI\u00d3N.<\/li>\n<li>DOMICILIACION BANCARIA (SEPA)<\/li>\n<\/ul>\n<p>&nbsp;<\/p>\n<h3>ENVIOS.<\/h3>\n<p>Los plazos de entrega oscilan entre las 48 y las 72 horas. No podemos garantizar estos plazos de entrega, si bien intentamos que NUESTRA empresa de transporte los cumplan siempre que sea posible. En poblaciones rurales alejadas de n\u00facleos urbanos no es posible garantizar en ning\u00fan caso la entrega en 24 horas.<br \/>Los plazos de entrega depender\u00e1n de la disponibilidad de cada producto, la cual se encuentra indicada en todos y cada uno de los productos ofertados. En los pedidos que incluyan varios art\u00edculos se har\u00e1 un \u00fanico env\u00edo y el plazo de entrega se corresponder\u00e1 con el art\u00edculo cuyo plazo de entrega sea mayor.<br \/>El cliente dispondr\u00e1 de 72 horas para comprobar la integridad de todos los componentes del pedido y para comprobar que se incluye todo lo que debe en los productos incluidos. Pasadas estas 72 horas se dar\u00e1 por aceptado el env\u00edo y no se aceptar\u00e1n reclamaciones por desperfectos o fallos con el env\u00edo.<br \/>Se considerar\u00e1 entregado un pedido cuando sea firmado el recibo de entrega por parte del cliente. Es en las pr\u00f3ximas 24 horas cuando el cliente debe verificar los productos a la recepci\u00f3n de los mismos y exponer todas las objeciones que pudiesen existir.<br \/>En caso de recibir un producto da\u00f1ado por el transporte es recomendable contactarnos dentro de las primeras 24 horas para poder reclamar la incidencia a nuestra empresa y al transportista. De la misma forma es conveniente dejar constancia a nuestra empresa de transporte.<\/p>\n<p>Los gastos de env\u00edo var\u00edan seg\u00fan el pedido. Dependen de cuatro factores: peso, volumen, lugar del env\u00edo e importe.<\/p>\n<p>&nbsp;<\/p>\n<h3>DESISTIMIENTO O DEVOLUCIONES<\/h3>\n<p>Conforme a la legislaci\u00f3n vigente, se puede proceder a la devoluci\u00f3n de productos en buenas condiciones y por el motivo que sea, en un plazo de 10 d\u00edas naturales desde la recepci\u00f3n de la mercanc\u00eda por el cliente. Para ello se deben cumplir las condiciones expuestas en este documento.<\/p>\n<p>A estos efectos, CERAMICA CHINCHILLA, SL informa que el Texto Refundido de la Ley General para la Defensa de los Consumidores y Usuarios (TRLGDCU) establece varias opciones para poder ejercer el derecho de desistimiento. Entre ellas contempla la posibilidad de hacerlo rellenando un formulario de forma telem\u00e1tica. Con el fin de acortar los tiempos y de que pueda realizar la devoluci\u00f3n de una forma c\u00f3moda y sin demoras, desde CERAMICA CHINCHILLA, SL le aconsejamos que haga uso de esa opci\u00f3n y rellene el formulario de desistimiento que se le facilitar\u00e1 a la formalizaci\u00f3n de su pedido.<\/p>\n<p>Se deber\u00e1 devolver la compra con todos sus productos\u00a0en su embalaje y precinto original y con todos sus accesorios.<\/p>\n<p>El cliente deber\u00e1 asumir los costes del env\u00edo por devoluci\u00f3n. No se aceptar\u00e1n en ning\u00fan caso env\u00edos a portes debidos.<\/p>\n<p>El cliente ser\u00e1 responsable de que, tanto el producto como su embalaje, llegue en perfecto estado, siendo necesario\u00a0empaquetar los art\u00edculos de forma adecuada, a fin de evitar un posible deterioro durante el transporte.<\/p>\n<p>Una vez recibido el paquete de devoluci\u00f3n, verificaremos su estado y en el momento en que comprobemos que tanto\u00a0los art\u00edculos devueltos, como los posibles accesorios, Muestras, obsequios promocionales y documentaci\u00f3n, est\u00e9n\u00a0completos y en perfectas condiciones, le enviaremos al cliente un correo electr\u00f3nico para notificarle de la aprobaci\u00f3n o\u00a0rechazo de su reembolso.<\/p>\n<p>El reembolso de todos los pagos recibidos por la compra, incluidos los gastos de entrega se realizar\u00e1 dentro de los 10\u00a0d\u00edas naturales siguientes al desistimiento.<\/p>\n<p>El reembolso ser\u00e1 procesado a trav\u00e9s del mismo medio de pago empleado por el cliente para la transacci\u00f3n inicial.<\/p>\n<p>Nos reservamos el derecho a retener el reembolso hasta haber recibido los productos o hasta que el cliente haya\u00a0presentado una prueba de la devoluci\u00f3n de los mismos, seg\u00fan qu\u00e9 condici\u00f3n se cumpla primero.<\/p>\n<p>No realizaremos el reembolso si el producto ha sido desembalado y utilizado.<\/p>\n<p>En caso de que el cliente reciba un producto equivocado o en mal estado, o en caso de p\u00e9rdida o da\u00f1os de productos por parte de la empresa de transporte, el cliente podr\u00e1 solicitar su devoluci\u00f3n y\/o reposici\u00f3n, dentro de las primeras 24 horas para poder reclamar la incidencia a nuestra empresa y de transporte. De la misma forma es conveniente dejar constancia a la empresa de transporte. En tal caso, nos comprometemos a asumir los costes de env\u00edo de la devoluci\u00f3n, nos encargaremos de recoger el producto defectuoso y\/o restituir el producto que falte por otro producto id\u00e9ntico sin coste adicional para el cliente.<\/p>\n<p>En caso de que el producto a cambiar tenga un precio mayor al anteriormente comprado, el cliente deber\u00e1 abonar la diferencia del valor. Si por contra, el nuevo producto tiene un precio menor al anteriormente comprado, se realizar\u00e1 FACTURA RECTIFICATIVA por esta diferencia.<\/p>\n<p>Para gestionar cualquier tipo de devoluci\u00f3n o cambio de productos comprados,\u00a0 el cliente tambi\u00e9n puede\u00a0 ponerse en contacto con nosotros por medio del correo electr\u00f3nico <a href=\"mailto:fabrica@ceramicachinchilla.com\">fabrica@ceramicachinchilla.com<\/a> \u00a0o bien a trav\u00e9s del tel\u00e9fono 967260008<br \/>__________________________________________________<br \/>El cliente deber\u00e1 indicarnos el n\u00famero de pedido y le diremos exactamente todos los pasos a seguir.<br \/>Le informamos tambi\u00e9n de que no aceptaremos cambios o devoluciones que no hayan sido previamente comunicados\u00a0por las v\u00edas indicadas.<\/p>\n<p>&nbsp;<\/p>\n<h2>Garant\u00edas.<\/h2>\n<p>La garant\u00eda no cubre aquellos defectos provocados por un uso incorrecto del producto y\/o manipulaci\u00f3n del mismo distinta a la necesaria para establecer su naturaleza, caracter\u00edsticas o su funcionamiento. En esos casos el consumidor deber\u00e1 hacerse cargo de los mismos. Quedan, por tanto, excluidos de la garant\u00eda:<\/p>\n<ul>\n<li>Defectos y deterioros producidos por hechos externos, accidentes, principalmente accidentes por desgaste y por utilizaci\u00f3n no conforme a las instrucciones.<\/li>\n<li>Productos modificados o reparados.<\/li>\n<li>Incorrecta utilizaci\u00f3n .<\/li>\n<\/ul>\n<p>&nbsp;<\/p>\n<h3>Resoluci\u00f3n de Litigios.<\/h3>\n<p>Resoluci\u00f3n de litigios en l\u00ednea en materia de consumo conforme al Art. 14.1 del Reglamento (UE) 524\/2013: La Comisi\u00f3n Europea facilita una plataforma de resoluci\u00f3n de litigios en l\u00ednea que se encuentra disponible en el siguiente enlace: <a href=\"http:\/\/ec.europa.eu\/consumers\/odr\/\" target=\"_blank\" rel=\"noopener\">http:\/\/ec.europa.eu\/consumers\/odr\/<\/a><\/p>\n<p><span style=\"font-size: 14px;\">\u00a0<\/span><\/p>\n<p>&nbsp;<\/p>\n<p>&nbsp;<\/p>\n<p>[\/et_pb_text][\/et_pb_column][\/et_pb_row][\/et_pb_section]<\/p>\n","protected":false},"excerpt":{"rendered":"<p>CONDICIONES GENERALES DE CONTRATACION \u00a0https.\/\/ceramicachinchilla.com (en adelante, la Web) es un sitio web propiedad de\u00a0 Raz\u00f3n Social de la Empresa: CERAMICA CHINCHILLA, SLNombre del titular: FRANCISCO-JAVIER SANCHEZ SANCHEZ &#8211; 44379869NDomicilio social: CALLE POZO DE LA PE\u00d1A, S\/N &#8211; 02520 CHINCHILLA DE MONTE ARAGON &#8211; ALBACETENIF: 47398821FTel\u00e9fono de contacto: 967260008Correo electr\u00f3nico: fabrica@ceramicachinchilla.com El acceso, reproducci\u00f3n y [&hellip;]<\/p>\n","protected":false},"author":1,"featured_media":0,"parent":0,"menu_order":0,"comment_status":"closed","ping_status":"closed","template":"","meta":{"_et_pb_use_builder":"on","_et_pb_old_content":"","_et_gb_content_width":"","footnotes":""},"class_list":["post-248347","page","type-page","status-publish","hentry"],"_links":{"self":[{"href":"https:\/\/ceramicachinchilla.com\/en\/wp-json\/wp\/v2\/pages\/248347","targetHints":{"allow":["GET"]}}],"collection":[{"href":"https:\/\/ceramicachinchilla.com\/en\/wp-json\/wp\/v2\/pages"}],"about":[{"href":"https:\/\/ceramicachinchilla.com\/en\/wp-json\/wp\/v2\/types\/page"}],"author":[{"embeddable":true,"href":"https:\/\/ceramicachinchilla.com\/en\/wp-json\/wp\/v2\/users\/1"}],"replies":[{"embeddable":true,"href":"https:\/\/ceramicachinchilla.com\/en\/wp-json\/wp\/v2\/comments?post=248347"}],"version-history":[{"count":4,"href":"https:\/\/ceramicachinchilla.com\/en\/wp-json\/wp\/v2\/pages\/248347\/revisions"}],"predecessor-version":[{"id":248352,"href":"https:\/\/ceramicachinchilla.com\/en\/wp-json\/wp\/v2\/pages\/248347\/revisions\/248352"}],"wp:attachment":[{"href":"https:\/\/ceramicachinchilla.com\/en\/wp-json\/wp\/v2\/media?parent=248347"}],"curies":[{"name":"wp","href":"https:\/\/api.w.org\/{rel}","templated":true}]}}