{"id":252075,"date":"2023-07-25T12:43:40","date_gmt":"2023-07-25T10:43:40","guid":{"rendered":"https:\/\/ceramicachinchilla.com\/?page_id=252075"},"modified":"2023-07-25T14:55:59","modified_gmt":"2023-07-25T12:55:59","slug":"sostenibilidad","status":"publish","type":"page","link":"https:\/\/ceramicachinchilla.com\/en\/sostenibilidad\/","title":{"rendered":"Sustainability"},"content":{"rendered":"<p>[et_pb_section fb_built=\u00bb1&#8243; _builder_version=\u00bb4.21.0&#8243; _module_preset=\u00bbdefault\u00bb background_image=\u00bbhttps:\/\/ceramicachinchilla.com\/wp-content\/uploads\/2023\/07\/banner-arcilla-ceramicachinchilla-1920900.jpg\u00bb background_enable_video_mp4=\u00bboff\u00bb background_enable_video_webm=\u00bboff\u00bb custom_padding=\u00bb5vw||10vw||false|false\u00bb global_colors_info=\u00bb{}\u00bb][et_pb_row column_structure=\u00bb1_2,1_2&#8243; _builder_version=\u00bb4.21.0&#8243; _module_preset=\u00bbdefault\u00bb global_colors_info=\u00bb{}\u00bb][et_pb_column type=\u00bb1_2&#8243; _builder_version=\u00bb4.21.0&#8243; _module_preset=\u00bbdefault\u00bb global_colors_info=\u00bb{}\u00bb][et_pb_text _builder_version=\u00bb4.21.0&#8243; _module_preset=\u00bbdefault\u00bb header_2_text_color=\u00bb#FFFFFF\u00bb header_2_font_size=\u00bb50px\u00bb header_2_line_height=\u00bb1.3em\u00bb header_2_text_shadow_style=\u00bbpreset1&#8243; global_colors_info=\u00bb{}\u00bb]<\/p>\n<h2 class=\"titulo2\">Nuestro compromiso<\/h2>\n<p>[\/et_pb_text][et_pb_text _builder_version=\u00bb4.21.0&#8243; _module_preset=\u00bbdefault\u00bb text_text_color=\u00bb#FFFFFF\u00bb text_font_size=\u00bb19px\u00bb text_line_height=\u00bb1.5em\u00bb background_layout=\u00bbdark\u00bb text_text_shadow_style=\u00bbpreset1&#8243; global_colors_info=\u00bb{}\u00bb]<\/p>\n<p>Las empresas asociadas a Hispalyt estamos comprometidas con la investigaci\u00f3n de nuevas t\u00e9cnicas y procedimientos que contribuyan a la mejora del medioambiente para promover la construcci\u00f3n sostenible y los edificios eficientes desde el punto de vista energ\u00e9tico.<\/p>\n<p>[\/et_pb_text][dipl_modal modal_id=\u00bbconstruccion sostenible\u00bb trigger_element_type=\u00bbicon\u00bb close_on_esc=\u00bbon\u00bb show_footer=\u00bboff\u00bb modal_content_type=\u00bbvideo\u00bb modal_content_video=\u00bbhttps:\/\/youtu.be\/HX5Az8I4Yvs\u00bb autoplay_video=\u00bbon\u00bb trigger_icon_font_size=\u00bb55px\u00bb trigger_icon_color=\u00bb#FFFFFF\u00bb _builder_version=\u00bb4.21.0&#8243; _module_preset=\u00bbdefault\u00bb hover_enabled=\u00bb0&#8243; global_colors_info=\u00bb{}\u00bb sticky_enabled=\u00bb0&#8243;][\/dipl_modal][\/et_pb_column][et_pb_column type=\u00bb1_2&#8243; _builder_version=\u00bb4.21.0&#8243; _module_preset=\u00bbdefault\u00bb global_colors_info=\u00bb{}\u00bb][\/et_pb_column][\/et_pb_row][\/et_pb_section][et_pb_section fb_built=\u00bb1&#8243; _builder_version=\u00bb4.21.0&#8243; _module_preset=\u00bbdefault\u00bb global_colors_info=\u00bb{}\u00bb][et_pb_row column_structure=\u00bb1_2,1_2&#8243; _builder_version=\u00bb4.21.0&#8243; _module_preset=\u00bbdefault\u00bb global_colors_info=\u00bb{}\u00bb][et_pb_column type=\u00bb1_2&#8243; _builder_version=\u00bb4.21.0&#8243; _module_preset=\u00bbdefault\u00bb global_colors_info=\u00bb{}\u00bb][et_pb_image src=\u00bbhttps:\/\/ceramicachinchilla.com\/wp-content\/uploads\/2023\/07\/sostenibilidad-ceramicachinchilla-845716.jpg\u00bb title_text=\u00bbsostenibilidad-ceramicachinchilla-845716&#8243; _builder_version=\u00bb4.21.0&#8243; _module_preset=\u00bbdefault\u00bb global_colors_info=\u00bb{}\u00bb][\/et_pb_image][\/et_pb_column][et_pb_column type=\u00bb1_2&#8243; _builder_version=\u00bb4.21.0&#8243; _module_preset=\u00bbdefault\u00bb global_colors_info=\u00bb{}\u00bb][et_pb_text _builder_version=\u00bb4.21.0&#8243; _module_preset=\u00bbdefault\u00bb header_2_text_color=\u00bb#826A16&#8243; header_2_font_size=\u00bb32px\u00bb header_2_line_height=\u00bb1.3em\u00bb global_colors_info=\u00bb{}\u00bb]<\/p>\n<h2 class=\"titulo2\">\u00bfPOR QU\u00c9 LOS LADRILLOS CER\u00c1MICOS UTILIZADOS EN LA CONSTRUCCI\u00d3N SON MATERIALES SOSTENIBLES?<\/h2>\n<p>[\/et_pb_text][et_pb_text _builder_version=\u00bb4.21.0&#8243; _module_preset=\u00bbdefault\u00bb global_colors_info=\u00bb{}\u00bb]<\/p>\n<p><em>El uso de los materiales cer\u00e1micos en edificios desde la antig\u00fcedad hasta nuestros d\u00edas es uno de los indicadores del equilibrio en cuanto a los aspectos medioambientales, sociales y econ\u00f3micos de este tipo de materiales, requisitos fundamentales para considerar \u201csostenible al producto\u201d.<\/em><\/p>\n<p>Las pol\u00edticas de sostenibilidad medioambiental en el sector industrial cer\u00e1mico se orientan a tres aspectos b\u00e1sicos: la reducci\u00f3n de las emisiones a la atm\u00f3sfera de gases contaminantes de efecto invernadero, el tratamiento sostenible de los residuos y la mejora de los procesos productivos para reducir el consumo energ\u00e9tico.<\/p>\n<p>&nbsp;<\/p>\n<p>[\/et_pb_text][\/et_pb_column][\/et_pb_row][et_pb_row _builder_version=\u00bb4.21.0&#8243; _module_preset=\u00bbdefault\u00bb global_colors_info=\u00bb{}\u00bb][et_pb_column type=\u00bb4_4&#8243; _builder_version=\u00bb4.21.0&#8243; _module_preset=\u00bbdefault\u00bb global_colors_info=\u00bb{}\u00bb][et_pb_text _builder_version=\u00bb4.21.0&#8243; _module_preset=\u00bbdefault\u00bb global_colors_info=\u00bb{}\u00bb]<\/p>\n<p>En cuanto a los ladrillos cer\u00e1micos- el departamento de sustentabilidad del Grupo UNICER\u2013nos explica las razones de por qu\u00e9 son sostenibles:<\/p>\n<p><strong>1. Est\u00e1n fabricados a partir de materiales primas naturales.\u00a0 <\/strong>Los productos cer\u00e1micos respetan el medioambiente, al tratarse de materiales 100 % naturales,<\/p>\n<p><strong>2. El Proceso productivo de fabricaci\u00f3n es muy eficiente en cuanto a recursos y energ\u00eda utilizados.\u00a0 <\/strong>A menudo, las cuestiones medioambientales y econ\u00f3micas est\u00e1n vinculadas, esto tambi\u00e9n ocurre en la industria ladrillera.\u00a0La energ\u00eda utilizada supone una parte importante de los costes totales de producci\u00f3n, de tal manera que la introducci\u00f3n de mejoras en el dise\u00f1o de secaderos y hornos, en el control por ordenador de los procesos de secado y cocci\u00f3n, y en la recuperaci\u00f3n del calor del horno se obtienen grandes ahorros.<\/p>\n<p><strong>3. Ayudan a conservar nuestro patrimonio arquitect\u00f3nico y se han sabido adaptar a la arquitectura de nuestros d\u00edas.\u00a0<\/strong>Desde hace muchos a\u00f1os se construyen pueblos y ciudades con ladrillos cer\u00e1micos. La versatilidad de estos productos les ha permitido adaptarse a las nuevas t\u00e9cnicas y m\u00e9todos de construcci\u00f3n. La innovaci\u00f3n permite a los productos cer\u00e1micos cumplir con los requisitos de la arquitectura del siglo XXI, a la vez que conservan el patrimonio arquitect\u00f3nico.\u00a0<\/p>\n<p><strong>4. Confieren a los edificios robustez y resistencia al fuego e inundaciones.\u00a0<\/strong>Los productos cer\u00e1micos son materiales inertes, no combustibles, no inflamables, por lo que no emiten sustancias ni gases t\u00f3xicos en caso de quemarse y no contribuyen al incendio. Tambi\u00e9n son resistentes a inundaciones y roturas de tuber\u00edas, y otorgan una gran robustez y capacidad portante a los edificios. En resumen, las paredes cer\u00e1micas ofrecen un alto grado de protecci\u00f3n frente al incendio, inundaci\u00f3n y robo.<\/p>\n<p><strong>5. Proporcionan un ambiente saludable y confortable.<\/strong><\/p>\n<p>Los edificios construidos con materiales cer\u00e1micos gozan de un ambiente interior saludable y confortable que se debe a varias razones:<\/p>\n<ul>\n<li>Alto aislamiento ac\u00fastico de las paredes cer\u00e1micas.<\/li>\n<li>Capacidad de regular la humedad: la porosidad del material cer\u00e1mico le permite absorber la humedad del aire cuando la humedad relativa es alta y liberarla cuando el aire interior se vuelve m\u00e1s seco.<\/li>\n<li>Capacidad de regular la temperatura interior: gracias a su inercia t\u00e9rmica son capaces de captar y ceder temperatura, lo que amortigua cambios bruscos ayudando al confort t\u00e9rmico.<\/li>\n<li>Nula emisi\u00f3n de sustancias t\u00f3xicas: los materiales cer\u00e1micos utilizados para la construcci\u00f3n del edificio no emiten sustancias t\u00f3xicas a la atm\u00f3sfera interior del edificio.<\/li>\n<\/ul>\n<p><strong>6. Contribuyen al aislamiento de la envolvente del edificio.\u00a0<\/strong>Es importante que un edificio est\u00e9 bien aislado t\u00e9rmicamente del exterior, ya que, de no estarlo, tendr\u00e1 un impacto econ\u00f3mico, social y medioambiental al estar relacionado con el confort y el consumo en calefacci\u00f3n o refrigeraci\u00f3n durante la vida \u00fatil del edificio.<\/p>\n<p><strong>7. Elevadas prestaciones t\u00e9cnicas al mejor precio.\u00a0<\/strong>Los productos cer\u00e1micos se caracterizan por sus altas prestaciones t\u00e9cnicas, como impermeabilidad, resistencia mec\u00e1nica, aislamiento t\u00e9rmico, aislamiento ac\u00fastico, seguridad frente a incendios, etc., y todo ello a un precio de mercado muy asequible.<\/p>\n<p><strong>8. Tienen una larga vida \u00fatil sin apenas necesitar mantenimiento.\u00a0<\/strong>Si hay una caracter\u00edstica que hace a los materiales cer\u00e1micos sostenibles, es su durabilidad. Un edificio construido con material cer\u00e1mico tiene una vida \u00fatil que supera el siglo.\u00a0<\/p>\n<p><strong>9. Se pueden reutilizar o reciclar despu\u00e9s del fin de la vida \u00fatil del edificio.\u00a0<\/strong>Los materiales cer\u00e1micos pueden ser reutilizados o reciclados, para el mismo uso o para otros fines. As\u00ed, pueden tener una segunda vida despu\u00e9s de la demolici\u00f3n del edificio, aumentando la sostenibilidad, al alargar el ciclo.<\/p>\n<p>[\/et_pb_text][\/et_pb_column][\/et_pb_row][\/et_pb_section]<\/p>\n","protected":false},"excerpt":{"rendered":"<p>Nuestro compromisoLas empresas asociadas a Hispalyt estamos comprometidas con la investigaci\u00f3n de nuevas t\u00e9cnicas y procedimientos que contribuyan a la mejora del medioambiente para promover la construcci\u00f3n sostenible y los edificios eficientes desde el punto de vista energ\u00e9tico.<div class=\"et_pb_module dipl_modal dipl_modal_0\">\n\t\t\t\t\n\t\t\t\t\n\t\t\t\t\n\t\t\t\t\n\t\t\t\t\n\t\t\t\t\n\t\t\t\t<div class=\"et_pb_module_inner\">\n\t\t\t\t\t<div class=\"dipl_modal_trigger_element_wrapper\"><span class=\"dipl_modal_trigger_element dipl_modal_trigger_icon et-pb-icon\">I<\/span><\/div><div class=\"dipl_modal_wrapper dipl_modal_center dipl_modal_close_on_esc\" data-id=\"construccion sostenible\" data-re-render=\"on\" data-disable-website-scroll=\"on\" data-autoplay-video=\"on\" data-trigger-type=\"element\" data-trigger-delay=\"3000ms\"  data-animation-duration=\"1000ms\"  data-animation-duration-tablet=\"\"  data-animation-duration-phone=\"\"  >\n                <div class=\"dipl_modal_inner_wrap dipl_animated\">\n                    <div class=\"dipl_modal_header\"><span class=\"dipl_modal_close dipl_modal_close_icon et-pb-icon\">Q<\/span><\/div>\n                    <div class=\"dipl_modal_body\"><div class=\"dipl_modal_content_video et_pb_video_box\"><iframe loading=\"lazy\" title=\"\u00bfPor qu\u00e9 son sostenibles los materiales cer\u00e1micos de construcci\u00f3n?\" width=\"1080\" height=\"608\" src=\"https:\/\/www.youtube.com\/embed\/HX5Az8I4Yvs?feature=oembed\"  allow=\"accelerometer; autoplay; clipboard-write; encrypted-media; gyroscope; picture-in-picture; web-share\" referrerpolicy=\"strict-origin-when-cross-origin\" allowfullscreen><\/iframe><\/div><\/div>\n                    \n                <\/div>\n            <\/div>\n\t\t\t\t<\/div>\n\t\t\t<\/div>\u00bfPOR QU\u00c9 LOS [&hellip;]<\/p>\n","protected":false},"author":1,"featured_media":0,"parent":0,"menu_order":0,"comment_status":"closed","ping_status":"closed","template":"","meta":{"_et_pb_use_builder":"on","_et_pb_old_content":"","_et_gb_content_width":"","footnotes":""},"class_list":["post-252075","page","type-page","status-publish","hentry"],"_links":{"self":[{"href":"https:\/\/ceramicachinchilla.com\/en\/wp-json\/wp\/v2\/pages\/252075","targetHints":{"allow":["GET"]}}],"collection":[{"href":"https:\/\/ceramicachinchilla.com\/en\/wp-json\/wp\/v2\/pages"}],"about":[{"href":"https:\/\/ceramicachinchilla.com\/en\/wp-json\/wp\/v2\/types\/page"}],"author":[{"embeddable":true,"href":"https:\/\/ceramicachinchilla.com\/en\/wp-json\/wp\/v2\/users\/1"}],"replies":[{"embeddable":true,"href":"https:\/\/ceramicachinchilla.com\/en\/wp-json\/wp\/v2\/comments?post=252075"}],"version-history":[{"count":9,"href":"https:\/\/ceramicachinchilla.com\/en\/wp-json\/wp\/v2\/pages\/252075\/revisions"}],"predecessor-version":[{"id":252090,"href":"https:\/\/ceramicachinchilla.com\/en\/wp-json\/wp\/v2\/pages\/252075\/revisions\/252090"}],"wp:attachment":[{"href":"https:\/\/ceramicachinchilla.com\/en\/wp-json\/wp\/v2\/media?parent=252075"}],"curies":[{"name":"wp","href":"https:\/\/api.w.org\/{rel}","templated":true}]}}